{"id":122,"date":"2025-07-01T18:05:21","date_gmt":"2025-07-01T16:05:21","guid":{"rendered":"https:\/\/tomaszpolak.space\/?page_id=122"},"modified":"2025-07-01T18:07:14","modified_gmt":"2025-07-01T16:07:14","slug":"six-polish-folk-variations","status":"publish","type":"page","link":"https:\/\/tomaszpolak.space\/?page_id=122","title":{"rendered":"Six Polish Folk Variations"},"content":{"rendered":"\n<figure class=\"wp-block-embed is-type-rich is-provider-spotify wp-block-embed-spotify wp-embed-aspect-21-9 wp-has-aspect-ratio\"><div class=\"wp-block-embed__wrapper\">\n<iframe title=\"Spotify Embed: Six Polish Folk Variations\" style=\"border-radius: 12px\" width=\"100%\" height=\"352\" frameborder=\"0\" allowfullscreen allow=\"autoplay; clipboard-write; encrypted-media; fullscreen; picture-in-picture\" loading=\"lazy\" src=\"https:\/\/open.spotify.com\/embed\/album\/3h8PcjyRtc1hx7FuA9l6WY?si=93WyS-yGSFCqk6ugprRqvA&#038;utm_source=oembed\"><\/iframe>\n<\/div><\/figure>\n\n\n\n<div class=\"wp-block-media-text is-stacked-on-mobile is-vertically-aligned-top\"><figure class=\"wp-block-media-text__media\"><img loading=\"lazy\" decoding=\"async\" width=\"724\" height=\"1024\" src=\"https:\/\/tomaszpolak.space\/wp-content\/uploads\/2025\/07\/60079365-FE83-45D7-8A7D-4C938FE2E253_1_201_a-1-724x1024.jpeg\" alt=\"\" class=\"wp-image-124 size-full\" srcset=\"https:\/\/tomaszpolak.space\/wp-content\/uploads\/2025\/07\/60079365-FE83-45D7-8A7D-4C938FE2E253_1_201_a-1-724x1024.jpeg 724w, https:\/\/tomaszpolak.space\/wp-content\/uploads\/2025\/07\/60079365-FE83-45D7-8A7D-4C938FE2E253_1_201_a-1-212x300.jpeg 212w, https:\/\/tomaszpolak.space\/wp-content\/uploads\/2025\/07\/60079365-FE83-45D7-8A7D-4C938FE2E253_1_201_a-1-768x1086.jpeg 768w, https:\/\/tomaszpolak.space\/wp-content\/uploads\/2025\/07\/60079365-FE83-45D7-8A7D-4C938FE2E253_1_201_a-1-1086x1536.jpeg 1086w, https:\/\/tomaszpolak.space\/wp-content\/uploads\/2025\/07\/60079365-FE83-45D7-8A7D-4C938FE2E253_1_201_a-1-1448x2048.jpeg 1448w, https:\/\/tomaszpolak.space\/wp-content\/uploads\/2025\/07\/60079365-FE83-45D7-8A7D-4C938FE2E253_1_201_a-1-300x424.jpeg 300w, https:\/\/tomaszpolak.space\/wp-content\/uploads\/2025\/07\/60079365-FE83-45D7-8A7D-4C938FE2E253_1_201_a-1-scaled.jpeg 1810w\" sizes=\"auto, (max-width: 724px) 100vw, 724px\" \/><\/figure><div class=\"wp-block-media-text__content\">\n<p>During my composition studies, I unexpectedly found myself in a peculiar state that could be called a creative impasse. \ud83d\ude06 This state, though seemingly trivial, revealed itself as a dynamic singularity within the creative space, where ideas implode before reaching full realization.<\/p>\n\n\n\n<p>However, I managed to initiate a process of resolution\u2014through the construction of a cycle of variations. Each variation, sometimes calm, sometimes stormy, became a part of a larger structure.<br>\u201cTo save from oblivion,\u201d as Ga\u0142czy\u0144ski wrote and Grechuta sang on the album&nbsp;<em>Korow\u00f3d<\/em>\u2014this was the additional goal of the cycle: to preserve several beautiful Polish folk melodies.<\/p>\n\n\n\n<p>What seemed like an insurmountable crisis was crushed in its infancy, and its remnants were absorbed as fuel for further musical evolution. \ud83d\ude1c<br>Originally, the variations were meant to be just a compositional exercise \ud83e\udd2d proposed by Marek Pasieczny, but it ended with an 18-minute recording and 36 different compositional and performance ideas.<\/p>\n<\/div><\/div>\n","protected":false},"excerpt":{"rendered":"<p>During my composition studies, I unexpectedly found myself in a peculiar state that could be called a creative impasse. \ud83d\ude06 This state, though seemingly trivial, revealed itself as a dynamic singularity within the creative space, where ideas implode before reaching &hellip; <a href=\"https:\/\/tomaszpolak.space\/?page_id=122\">Czytaj dalej <span class=\"meta-nav\">&rarr;<\/span><\/a><\/p>\n","protected":false},"author":1,"featured_media":0,"parent":0,"menu_order":0,"comment_status":"closed","ping_status":"closed","template":"","meta":{"footnotes":""},"class_list":["post-122","page","type-page","status-publish","hentry"],"_links":{"self":[{"href":"https:\/\/tomaszpolak.space\/index.php?rest_route=\/wp\/v2\/pages\/122","targetHints":{"allow":["GET"]}}],"collection":[{"href":"https:\/\/tomaszpolak.space\/index.php?rest_route=\/wp\/v2\/pages"}],"about":[{"href":"https:\/\/tomaszpolak.space\/index.php?rest_route=\/wp\/v2\/types\/page"}],"author":[{"embeddable":true,"href":"https:\/\/tomaszpolak.space\/index.php?rest_route=\/wp\/v2\/users\/1"}],"replies":[{"embeddable":true,"href":"https:\/\/tomaszpolak.space\/index.php?rest_route=%2Fwp%2Fv2%2Fcomments&post=122"}],"version-history":[{"count":3,"href":"https:\/\/tomaszpolak.space\/index.php?rest_route=\/wp\/v2\/pages\/122\/revisions"}],"predecessor-version":[{"id":127,"href":"https:\/\/tomaszpolak.space\/index.php?rest_route=\/wp\/v2\/pages\/122\/revisions\/127"}],"wp:attachment":[{"href":"https:\/\/tomaszpolak.space\/index.php?rest_route=%2Fwp%2Fv2%2Fmedia&parent=122"}],"curies":[{"name":"wp","href":"https:\/\/api.w.org\/{rel}","templated":true}]}}